{"id":23238,"date":"2019-04-21T19:58:19","date_gmt":"2019-04-21T19:58:19","guid":{"rendered":"https:\/\/lucifersabers.com\/product\/tornillos-de-pulgar-de-aluminio-thumbscrew\/"},"modified":"2019-04-21T19:58:19","modified_gmt":"2019-04-21T19:58:19","slug":"tornillos-de-pulgar-de-aluminio-thumbscrew","status":"publish","type":"product","link":"https:\/\/lucifersabers.com\/en\/product\/tornillos-de-pulgar-de-aluminio-thumbscrew\/","title":{"rendered":"Tornillos de pulgar de aluminio (thumbscrew)"},"content":{"rendered":"","protected":false},"excerpt":{"rendered":"<p>Tornillos de pulgar de aluminio. Rosca m\u00e9trica 3 (M3), 8mm de longitud de vastago de rosca para poder cortarlo y adaptarlo a tus necesidades. La longitud del v\u00e1stago se puede recortar f\u00e1cilmente lijando o cortando con unos alicates.<\/p>\n<p>Disponible en 3 colores: Plata, Rojo y Negro.<\/p>\n","protected":false},"featured_media":2014,"template":"","meta":[],"product_cat":[225],"product_tag":[],"yoast_head":"<!-- This site is optimized with the Yoast SEO plugin v17.5 - https:\/\/yoast.com\/wordpress\/plugins\/seo\/ -->\n<title>Tornillos de pulgar de aluminio (thumbscrew) - Lucifer Sabers<\/title>\n<meta name=\"robots\" content=\"index, follow, max-snippet:-1, max-image-preview:large, max-video-preview:-1\" \/>\n<link rel=\"canonical\" href=\"https:\/\/lucifersabers.com\/en\/product\/tornillos-de-pulgar-de-aluminio-thumbscrew\/\" \/>\n<meta property=\"og:locale\" content=\"en_US\" \/>\n<meta property=\"og:type\" content=\"article\" \/>\n<meta property=\"og:title\" content=\"Tornillos de pulgar de aluminio (thumbscrew) - Lucifer Sabers\" \/>\n<meta property=\"og:description\" content=\"Tornillos de pulgar de aluminio. Rosca m\u00e9trica 3 (M3), 8mm de longitud de vastago de rosca para poder cortarlo y adaptarlo a tus necesidades. La longitud del v\u00e1stago se puede recortar f\u00e1cilmente lijando o cortando con unos alicates. Disponible en 3 colores: Plata, Rojo y Negro.\" \/>\n<meta property=\"og:url\" content=\"https:\/\/lucifersabers.com\/en\/product\/tornillos-de-pulgar-de-aluminio-thumbscrew\/\" \/>\n<meta property=\"og:site_name\" content=\"Lucifer Sabers\" \/>\n<meta property=\"article:publisher\" content=\"https:\/\/www.facebook.com\/lucifersabers\/\" \/>\n<meta property=\"og:image\" content=\"https:\/\/lucifersabers.com\/wp-content\/uploads\/2019\/04\/thumbscrew1.jpg\" \/>\n\t<meta property=\"og:image:width\" content=\"697\" \/>\n\t<meta property=\"og:image:height\" content=\"697\" \/>\n<meta name=\"twitter:card\" content=\"summary_large_image\" \/>\n<script type=\"application\/ld+json\" class=\"yoast-schema-graph\">{\"@context\":\"https:\/\/schema.org\",\"@graph\":[{\"@type\":\"Organization\",\"@id\":\"https:\/\/lucifersabers.com\/#organization\",\"name\":\"Lucifer Sabers\",\"url\":\"https:\/\/lucifersabers.com\/\",\"sameAs\":[\"https:\/\/www.facebook.com\/lucifersabers\/\",\"https:\/\/www.instagram.com\/lucifer_sabers\/\",\"https:\/\/www.youtube.com\/channel\/UCl6vEay7eNCvxIH_jyeDGIw\"],\"logo\":{\"@type\":\"ImageObject\",\"@id\":\"https:\/\/lucifersabers.com\/#logo\",\"inLanguage\":\"en-US\",\"url\":\"https:\/\/lucifersabers.com\/wp-content\/uploads\/2018\/08\/logo.png\",\"contentUrl\":\"https:\/\/lucifersabers.com\/wp-content\/uploads\/2018\/08\/logo.png\",\"width\":190,\"height\":60,\"caption\":\"Lucifer Sabers\"},\"image\":{\"@id\":\"https:\/\/lucifersabers.com\/#logo\"}},{\"@type\":\"WebSite\",\"@id\":\"https:\/\/lucifersabers.com\/#website\",\"url\":\"https:\/\/lucifersabers.com\/\",\"name\":\"Lucifer Sabers\",\"description\":\"Powered by the Force\",\"publisher\":{\"@id\":\"https:\/\/lucifersabers.com\/#organization\"},\"potentialAction\":[{\"@type\":\"SearchAction\",\"target\":{\"@type\":\"EntryPoint\",\"urlTemplate\":\"https:\/\/lucifersabers.com\/?s={search_term_string}\"},\"query-input\":\"required name=search_term_string\"}],\"inLanguage\":\"en-US\"},{\"@type\":\"ImageObject\",\"@id\":\"https:\/\/lucifersabers.com\/en\/product\/tornillos-de-pulgar-de-aluminio-thumbscrew\/#primaryimage\",\"inLanguage\":\"en-US\",\"url\":\"https:\/\/lucifersabers.com\/wp-content\/uploads\/2019\/04\/thumbscrew1.jpg\",\"contentUrl\":\"https:\/\/lucifersabers.com\/wp-content\/uploads\/2019\/04\/thumbscrew1.jpg\",\"width\":697,\"height\":697,\"caption\":\"Tornillos de pulgar de aluminio (thumbscrew)\"},{\"@type\":\"WebPage\",\"@id\":\"https:\/\/lucifersabers.com\/en\/product\/tornillos-de-pulgar-de-aluminio-thumbscrew\/#webpage\",\"url\":\"https:\/\/lucifersabers.com\/en\/product\/tornillos-de-pulgar-de-aluminio-thumbscrew\/\",\"name\":\"Tornillos de pulgar de aluminio (thumbscrew) - Lucifer Sabers\",\"isPartOf\":{\"@id\":\"https:\/\/lucifersabers.com\/#website\"},\"primaryImageOfPage\":{\"@id\":\"https:\/\/lucifersabers.com\/en\/product\/tornillos-de-pulgar-de-aluminio-thumbscrew\/#primaryimage\"},\"datePublished\":\"2019-04-21T19:58:19+00:00\",\"dateModified\":\"2019-04-21T19:58:19+00:00\",\"breadcrumb\":{\"@id\":\"https:\/\/lucifersabers.com\/en\/product\/tornillos-de-pulgar-de-aluminio-thumbscrew\/#breadcrumb\"},\"inLanguage\":\"en-US\",\"potentialAction\":[{\"@type\":\"ReadAction\",\"target\":[\"https:\/\/lucifersabers.com\/en\/product\/tornillos-de-pulgar-de-aluminio-thumbscrew\/\"]}]},{\"@type\":\"BreadcrumbList\",\"@id\":\"https:\/\/lucifersabers.com\/en\/product\/tornillos-de-pulgar-de-aluminio-thumbscrew\/#breadcrumb\",\"itemListElement\":[{\"@type\":\"ListItem\",\"position\":1,\"name\":\"Portada\",\"item\":\"https:\/\/lucifersabers.com\/en\/\"},{\"@type\":\"ListItem\",\"position\":2,\"name\":\"Shop\",\"item\":\"https:\/\/lucifersabers.com\/en\/shop\/\"},{\"@type\":\"ListItem\",\"position\":3,\"name\":\"Tornillos de pulgar de aluminio (thumbscrew)\"}]}]}<\/script>\n<!-- \/ Yoast SEO plugin. -->","yoast_head_json":{"title":"Tornillos de pulgar de aluminio (thumbscrew) - Lucifer Sabers","robots":{"index":"index","follow":"follow","max-snippet":"max-snippet:-1","max-image-preview":"max-image-preview:large","max-video-preview":"max-video-preview:-1"},"canonical":"https:\/\/lucifersabers.com\/en\/product\/tornillos-de-pulgar-de-aluminio-thumbscrew\/","og_locale":"en_US","og_type":"article","og_title":"Tornillos de pulgar de aluminio (thumbscrew) - Lucifer Sabers","og_description":"Tornillos de pulgar de aluminio. Rosca m\u00e9trica 3 (M3), 8mm de longitud de vastago de rosca para poder cortarlo y adaptarlo a tus necesidades. La longitud del v\u00e1stago se puede recortar f\u00e1cilmente lijando o cortando con unos alicates. Disponible en 3 colores: Plata, Rojo y Negro.","og_url":"https:\/\/lucifersabers.com\/en\/product\/tornillos-de-pulgar-de-aluminio-thumbscrew\/","og_site_name":"Lucifer Sabers","article_publisher":"https:\/\/www.facebook.com\/lucifersabers\/","og_image":[{"width":697,"height":697,"url":"https:\/\/lucifersabers.com\/wp-content\/uploads\/2019\/04\/thumbscrew1.jpg","type":"image\/jpeg"}],"twitter_card":"summary_large_image","schema":{"@context":"https:\/\/schema.org","@graph":[{"@type":"Organization","@id":"https:\/\/lucifersabers.com\/#organization","name":"Lucifer Sabers","url":"https:\/\/lucifersabers.com\/","sameAs":["https:\/\/www.facebook.com\/lucifersabers\/","https:\/\/www.instagram.com\/lucifer_sabers\/","https:\/\/www.youtube.com\/channel\/UCl6vEay7eNCvxIH_jyeDGIw"],"logo":{"@type":"ImageObject","@id":"https:\/\/lucifersabers.com\/#logo","inLanguage":"en-US","url":"https:\/\/lucifersabers.com\/wp-content\/uploads\/2018\/08\/logo.png","contentUrl":"https:\/\/lucifersabers.com\/wp-content\/uploads\/2018\/08\/logo.png","width":190,"height":60,"caption":"Lucifer Sabers"},"image":{"@id":"https:\/\/lucifersabers.com\/#logo"}},{"@type":"WebSite","@id":"https:\/\/lucifersabers.com\/#website","url":"https:\/\/lucifersabers.com\/","name":"Lucifer Sabers","description":"Powered by the Force","publisher":{"@id":"https:\/\/lucifersabers.com\/#organization"},"potentialAction":[{"@type":"SearchAction","target":{"@type":"EntryPoint","urlTemplate":"https:\/\/lucifersabers.com\/?s={search_term_string}"},"query-input":"required name=search_term_string"}],"inLanguage":"en-US"},{"@type":"ImageObject","@id":"https:\/\/lucifersabers.com\/en\/product\/tornillos-de-pulgar-de-aluminio-thumbscrew\/#primaryimage","inLanguage":"en-US","url":"https:\/\/lucifersabers.com\/wp-content\/uploads\/2019\/04\/thumbscrew1.jpg","contentUrl":"https:\/\/lucifersabers.com\/wp-content\/uploads\/2019\/04\/thumbscrew1.jpg","width":697,"height":697,"caption":"Tornillos de pulgar de aluminio (thumbscrew)"},{"@type":"WebPage","@id":"https:\/\/lucifersabers.com\/en\/product\/tornillos-de-pulgar-de-aluminio-thumbscrew\/#webpage","url":"https:\/\/lucifersabers.com\/en\/product\/tornillos-de-pulgar-de-aluminio-thumbscrew\/","name":"Tornillos de pulgar de aluminio (thumbscrew) - Lucifer Sabers","isPartOf":{"@id":"https:\/\/lucifersabers.com\/#website"},"primaryImageOfPage":{"@id":"https:\/\/lucifersabers.com\/en\/product\/tornillos-de-pulgar-de-aluminio-thumbscrew\/#primaryimage"},"datePublished":"2019-04-21T19:58:19+00:00","dateModified":"2019-04-21T19:58:19+00:00","breadcrumb":{"@id":"https:\/\/lucifersabers.com\/en\/product\/tornillos-de-pulgar-de-aluminio-thumbscrew\/#breadcrumb"},"inLanguage":"en-US","potentialAction":[{"@type":"ReadAction","target":["https:\/\/lucifersabers.com\/en\/product\/tornillos-de-pulgar-de-aluminio-thumbscrew\/"]}]},{"@type":"BreadcrumbList","@id":"https:\/\/lucifersabers.com\/en\/product\/tornillos-de-pulgar-de-aluminio-thumbscrew\/#breadcrumb","itemListElement":[{"@type":"ListItem","position":1,"name":"Portada","item":"https:\/\/lucifersabers.com\/en\/"},{"@type":"ListItem","position":2,"name":"Shop","item":"https:\/\/lucifersabers.com\/en\/shop\/"},{"@type":"ListItem","position":3,"name":"Tornillos de pulgar de aluminio (thumbscrew)"}]}]}},"_links":{"self":[{"href":"https:\/\/lucifersabers.com\/en\/wp-json\/wp\/v2\/product\/23238"}],"collection":[{"href":"https:\/\/lucifersabers.com\/en\/wp-json\/wp\/v2\/product"}],"about":[{"href":"https:\/\/lucifersabers.com\/en\/wp-json\/wp\/v2\/types\/product"}],"wp:featuredmedia":[{"embeddable":true,"href":"https:\/\/lucifersabers.com\/en\/wp-json\/wp\/v2\/media\/2014"}],"wp:attachment":[{"href":"https:\/\/lucifersabers.com\/en\/wp-json\/wp\/v2\/media?parent=23238"}],"wp:term":[{"taxonomy":"product_cat","embeddable":true,"href":"https:\/\/lucifersabers.com\/en\/wp-json\/wp\/v2\/product_cat?post=23238"},{"taxonomy":"product_tag","embeddable":true,"href":"https:\/\/lucifersabers.com\/en\/wp-json\/wp\/v2\/product_tag?post=23238"}],"curies":[{"name":"wp","href":"https:\/\/api.w.org\/{rel}","templated":true}]}}