{"id":22821,"date":"2020-08-27T13:07:57","date_gmt":"2020-08-27T13:07:57","guid":{"rendered":"https:\/\/lucifersabers.com\/politica-de-privacidad\/"},"modified":"2023-07-04T17:38:43","modified_gmt":"2023-07-04T17:38:43","slug":"politica-de-privacidad","status":"publish","type":"page","link":"https:\/\/lucifersabers.com\/en\/politica-de-privacidad\/","title":{"rendered":"Pol\u00edtica de privacidad"},"content":{"rendered":"\t\t<div data-elementor-type=\"wp-post\" data-elementor-id=\"22821\" class=\"elementor elementor-22821 elementor-929\" data-elementor-settings=\"[]\">\n\t\t\t\t\t\t<div class=\"elementor-inner\">\n\t\t\t\t\t\t\t<div class=\"elementor-section-wrap\">\n\t\t\t\t\t\t\t<section class=\"elementor-section elementor-top-section elementor-element elementor-element-bf2fe13 elementor-section-boxed elementor-section-height-default elementor-section-height-default\" data-id=\"bf2fe13\" data-element_type=\"section\">\n\t\t\t\t\t\t<div class=\"elementor-container elementor-column-gap-default\">\n\t\t\t\t\t\t\t<div class=\"elementor-row\">\n\t\t\t\t\t<div class=\"elementor-column elementor-col-100 elementor-top-column elementor-element elementor-element-8955cf0\" data-id=\"8955cf0\" data-element_type=\"column\">\n\t\t\t<div class=\"elementor-column-wrap elementor-element-populated\">\n\t\t\t\t\t\t\t<div class=\"elementor-widget-wrap\">\n\t\t\t\t\t\t<div class=\"elementor-element elementor-element-5feafea elementor-widget elementor-widget-text-editor\" data-id=\"5feafea\" data-element_type=\"widget\" data-widget_type=\"text-editor.default\">\n\t\t\t\t<div class=\"elementor-widget-container\">\n\t\t\t\t\t\t\t\t<div class=\"elementor-text-editor elementor-clearfix\">\n\t\t\t\t<div class=\"rte\">\n<div class=\"rte\">\n<h1>Pol\u00edtica de privacidad<\/h1>\n<h2>Titularidad del dominio www.lucifersabers.com<\/h2>\n<p>En cumplimiento de la Ley 34\/2002 de Servicios de la Sociedad de La Informaci\u00f3n y del Comercio Electr\u00f3nico (LSSICE), te informamos que la titularidad del dominio de nuestra tienda virtual, www.lucifersabers.com (en adelante lucifersabers.com) corresponde a:<\/p>\n<p>Para cualquier consulta, puede contactarse con lucifersabers.com en el email y tel\u00e9fono:<\/p>\n<p>e-mail:\u00a0admin@lucifersabers.com<\/p>\n<p>Tlf:\u00a0+34 615 048 829<\/p>\n<h2>T\u00e9rminos generales de uso de la web<\/h2>\n<p>El acceso a los contenidos de las secciones de nuestra Web, se har\u00e1 de acuerdo a la pol\u00edtica que establezca lucifersabers.com. Asimismo lucifersabers.com, se reserva el derecho de rectificar, modificar y\/o reemplazar en totalidad o en parte esta p\u00e1gina web, la informaci\u00f3n y materiales contenidos en la misma, as\u00ed como la Pol\u00edtica de Privacidad. Consulte de forma peri\u00f3dica nuestra Pol\u00edtica de Privacidad para corroborar posibles modificaciones.<\/p>\n<p>Los productos presentados en el website son conformes a la legislaci\u00f3n espa\u00f1ola. La responsabilidad de lucifersabers.com\u00a0no puede invocarse en el caso de productos no conformes a la legislaci\u00f3n de los pa\u00edses a los que hayan podido ser enviados en funci\u00f3n del pedido del cliente. Corresponde pues, a los clientes de fuera de Espa\u00f1a el verificar la posibilidad de importar o utilizar los productos que nos soliciten.<\/p>\n<p>El acceso a la p\u00e1gina web ser\u00e1 voluntario, y, por tanto, responsabilidad del usuario, quien ser\u00e1 responsable de todo efecto directo o indirecto que por el uso que haga del website se derive, incluyendo, de forma enunciativa y no limitativa, todo resultado econ\u00f3mico, t\u00e9cnico y\/o jur\u00eddico adverso, as\u00ed como la defraudaci\u00f3n de las expectativas generadas por nuestro website, oblig\u00e1ndose el usuario a mantener indemne a lucifersabers.com\u00a0por cualesquiera reclamaciones derivadas, directa o indirectamente de tales hechos.<\/p>\n<p>lucifersabers.com\u00a0no se hace responsable de los perjuicios que se pudieran derivar de interferencias, omisiones, interrupciones, virus inform\u00e1ticos, aver\u00edas y\/o desconexiones en el funcionamiento operativo de este sistema electr\u00f3nico o en los aparatos y equipos inform\u00e1ticos de los usuarios, motivadas por causas ajenas a lucifersabers.com, que impidan o retrasen la prestaci\u00f3n de los servicios o la navegaci\u00f3n por la tienda, ni de los retrasos o bloqueos en el uso causados por deficiencias o sobrecargas de Internet o en otros sistemas electr\u00f3nicos, ni de la imposibilidad de dar el servicio o permitir el acceso por causas no imputables a lucifersabers.com, debidas al usuario, a terceros, o a supuestos de fuerza mayor. lucifersabers.com\u00a0no controla, con car\u00e1cter general, la utilizaci\u00f3n que los usuarios hacen del website. En particular lucifersabers.com\u00a0no garantiza bajo ning\u00fan extremo que los usuarios utilicen el website de conformidad con la ley, las presentes Condiciones Generales, la moral y buenas costumbres generalmente aceptadas y el orden p\u00fablico, ni tampoco que lo hagan de forma diligente y prudente.<\/p>\n<h2>Responsabilidad de LUCIFERSABERS.COM<\/h2>\n<p>Tanto el acceso a esta Web como el uso que pueda hacerse de la informaci\u00f3n contenida en la misma es de la exclusiva responsabilidad de quien lo realiza, asumiendo expresamente el usuario que el acceso y la utilizaci\u00f3n del portal, se hace bajo su \u00fanica y exclusiva responsabilidad.<\/p>\n<p>Por este motivo, lucifersabers.com no responder\u00e1 en ning\u00fan caso de los posibles da\u00f1os o perjuicios que pudieran derivarse de dicho acceso o del uso de la informaci\u00f3n por parte del usuario, as\u00ed como tampoco de los posibles errores o da\u00f1os que pueda sufrir el sistema inform\u00e1tico del usuario (hardware y software), sus ficheros o documentos almacenados, como consecuencia de la presencia de virus en su ordenador, mal funcionamiento del navegador o uso de versiones no actualizadas del mismo.<\/p>\n<p>En virtud de la Ley 34\/2002 de 11 de julio de Servicios de la Sociedad de la Informaci\u00f3n y Comercio Electr\u00f3nico, para cualquier controversia que pudiera surgir ser\u00e1 de aplicaci\u00f3n la legislaci\u00f3n espa\u00f1ola. El usuario responder\u00e1, en cualquier caso, de la veracidad de los datos facilitados, reserv\u00e1ndose lucifersabers.com\u00a0el derecho a excluir de los servicios registrados a todo usuario que haya facilitado datos falsos o inexactos, sin prejuicio de las dem\u00e1s acciones que procedan en Derecho.<\/p>\n<h2>Propiedad intelectual e industrial<\/h2>\n<p>lucifersabers.com\u00a0es propietario y\/o licenciatario, de toda la informaci\u00f3n contenida en este portal, posts publicados en el blog, su dise\u00f1o gr\u00e1fico, im\u00e1genes, bases de datos, \u00edndices, c\u00f3digos fuentes, marcas y logotipos, estando protegidos conforme a lo dispuesto en la Ley de Propiedad Intelectual, y en las normas sobre Propiedad Industrial.<\/p>\n<p>Su puesta a disposici\u00f3n y uso, no supone, en ning\u00fan caso, la cesi\u00f3n de su titularidad o la concesi\u00f3n de un derecho de uso a favor del Usuario, por lo que toda reproducci\u00f3n, copia, imitaci\u00f3n, distribuci\u00f3n total o parcial, o, comercializaci\u00f3n, requerir\u00e1 la autorizaci\u00f3n previa y escrita de lucifersabers.com, reserv\u00e1ndose lucifersabers.com, en caso de uso indebido del Website, el derecho a ejercitar cuantas acciones legales fueran precisas en defensa de sus derechos, incluyendo la indemnizaci\u00f3n de los da\u00f1os y perjuicios causados, asimismo el usuario se obliga a indemnizar a lucifersabers.com\u00a0por cualquier da\u00f1o o perjuicio que pudiera ocasionar el uso indebido de esta Web.<\/p>\n<h2>Pol\u00edtica de protecci\u00f3n de datos<\/h2>\n<p>Los datos que solicitamos son los adecuados, pertinentes y estrictamente necesarios para la finalidad con la que se recogen. A menos que espec\u00edficamente se establezca lo contrario, se considerar\u00e1 necesario rellenar todos los campos de cada formulario, para lo cual el usuario tendr\u00e1 que aportar datos verdaderos, exactos, completos y actualizados.<\/p>\n<p>En cumplimiento de la Ley 15\/1999, de 13 de diciembre, de protecci\u00f3n de datos de car\u00e1cter personal, le informamos de que el tratamiento de los datos de car\u00e1cter personal recogidos tendr\u00e1n como finalidad el mantenimiento, la gesti\u00f3n y administraci\u00f3n de la relaci\u00f3n comercial y contractual que en su caso se pudiera entablar, as\u00ed como el env\u00edo de informaci\u00f3n comercial relativa a productos y servicios ofrecidos por lucifersabers.com; esa informaci\u00f3n incluye comunicaciones publicitarias y promocionales, a trav\u00e9s de correo postal, SMS, correo electr\u00f3nico o cualquier otro medio. Vd. autoriza y consiente la cesi\u00f3n de sus datos personales a terceras entidades, cuando sea estrictamente necesario para la gesti\u00f3n del servicio solicitado. La cesi\u00f3n de tus datos personales a las empresas de mensajer\u00eda se produce con el \u00fanico fin de tramitar el env\u00edo de tus pedidos de la tienda online.<\/p>\n<p>1. Derecho de informaci\u00f3n<\/p>\n<p>De conformidad con lo establecido por la Ley Org\u00e1nica 15\/1999, de 13 de diciembre, de Protecci\u00f3n de Datos de Car\u00e1cter Personal (en adelante, LOPD), Lucifer Sabers, informa al usuario de este sitio de la existencia de un fichero automatizado de datos de car\u00e1cter personal creado por \u00a0y bajo su responsabilidad.<\/p>\n<p>2. Finalidad<\/p>\n<p>Los datos de los usuarios registrados a trav\u00e9s de los formularios habilitados al efecto en el sitio web son recabados por lucifersabers.com\u00a0con la finalidad de facilitar la prestaci\u00f3n de los servicios que\u00a0lucifersabers.com\u00a0proporciona a trav\u00e9s de dicho sitio web, informar acerca del estado de los pedidos y facilitar el env\u00edo de las compras realizadas online.<\/p>\n<p>3. Car\u00e1cter obligatorio o facultativo de la informaci\u00f3n facilitada por el usuario y veracidad de los datos<\/p>\n<p>El usuario garantiza que los datos personales facilitados a lucifersabers.com\u00a0son veraces y se hace responsable de comunicar al mismo cualquier modificaci\u00f3n de los mismos.<\/p>\n<p>4. Consentimiento del usuario<\/p>\n<p>El env\u00edo de datos personales, mediante el uso de los formularios electr\u00f3nicos de lucifersabers.com\u00a0o, en su caso, mensajes de correo electr\u00f3nico, supone el consentimiento expreso del remitente al tratamiento automatizado de los datos incluidos en los medios de comunicaci\u00f3n indicados.<\/p>\n<p>El acceso y tratamiento de los datos solicitados est\u00e1 enfocado \u00fanicamente a la gesti\u00f3n de las ventas, y an\u00e1lisis estad\u00edstico respetando siempre el marco normativo vigente.<\/p>\n<p>El usuario, para el supuesto en el que facilite datos de car\u00e1cter personal de terceros, declara contar con el consentimiento expreso de los mismos y que les ha informado, del contenido de los datos facilitados, de la procedencia de los mismos, de la existencia y finalidad del fichero donde se contienen sus datos y, de la posibilidad de ejercitar los derechos de acceso, rectificaci\u00f3n, cancelaci\u00f3n y oposici\u00f3n, as\u00ed como de los datos identificativos de lucifersabers.com.<\/p>\n<p>5. Derechos de acceso, rectificaci\u00f3n, oposici\u00f3n y cancelaci\u00f3n de los usuarios<\/p>\n<p>El usuario podr\u00e1 ejercer sus derechos de acceso, rectificaci\u00f3n, oposici\u00f3n y cancelaci\u00f3n al tratamiento de sus datos personales, en los t\u00e9rminos y condiciones previstos en la LOPD. Podr\u00e1 ejercer dichos derechos mediante comunicaci\u00f3n escrita adjuntando fotocopia de su DNI, a la direcci\u00f3n postal de la entidad, o a trav\u00e9s de correo electr\u00f3nico: admin@lucifersabers.com<\/p>\n<p>6. Seguridad<\/p>\n<p>lucifersabers.com mantiene los niveles de seguridad de protecci\u00f3n de datos personales conforme al Real Decreto 994\/1999, de 11 de junio, relativo a las medidas de seguridad de los ficheros automatizados que contengan datos de car\u00e1cter personal, y ha establecido todos los medios t\u00e9cnicos a su alcance para evitar la p\u00e9rdida, mal uso, alteraci\u00f3n, acceso no autorizado y robo de los datos que el usuario facilite a trav\u00e9s del sitio web, sin perjuicio de informarle de que las medidas de seguridad en Internet no son inexpugnables.<\/p>\n<p>lucifersabers.com se compromete a cumplir con el deber de secreto y confidencialidad respecto de los datos personales contenidos en el fichero automatizado de acuerdo con la legislaci\u00f3n aplicable, as\u00ed como a conferirles un tratamiento seguro en las cesiones de datos que, en su caso, puedan producirse.<\/p>\n<p>7. Bolet\u00edn y noticias<\/p>\n<p>lucifersabers.com pone a disposici\u00f3n de los usuarios que previamente lo hayan solicitado a trav\u00e9s del formulario de suscripci\u00f3n habilitado a tal efecto, el servicio de env\u00edo de un bolet\u00edn en el que se incluyen las noticias, novedades e informaci\u00f3n m\u00e1s relevantes relacionadas con la actividad del sitio web. Podr\u00e1s darte de baja enviando un email a\u00a0admin@lucifersabers.com\u00a0con el asunto \u201cBaja newsletter\u201d.<\/p>\n<p>Asimismo, lucifersabers.com informa que puede remitir comunicaciones comerciales por medios electr\u00f3nicos con informaci\u00f3n sobre otros productos, servicios y eventos que puedan ser de inter\u00e9s para los usuarios del sitio web cuando as\u00ed lo soliciten expresamente. Dicho consentimiento podr\u00e1 ser revocado en cualquier momento por el usuario, con la simple notificaci\u00f3n de su voluntad a lucifersabers.com y no tendr\u00e1 car\u00e1cter retroactivo.<\/p>\n<p>8. Informaci\u00f3n sobre cookies y t\u00e9cnicas de &#8220;spamming&#8221;<br \/>\nEl usuario consiente el uso de cookies, que en ning\u00fan caso permitir\u00e1n su identificaci\u00f3n, con la exclusiva finalidad de facilitar su navegaci\u00f3n por las diferentes p\u00e1ginas del presente sitio web y que en ning\u00fan caso permitir\u00e1n la identificaci\u00f3n del usuario. En cualquier caso, podr\u00e1s denegar o impedir la instalaci\u00f3n de estas cookies modificando la configuraci\u00f3n de tu navegador.<\/p>\n<p>lucifersabers.com\u00a0no utiliza t\u00e9cnicas de &#8220;spamming&#8221; y \u00fanicamente tratar\u00e1 los datos que el usuario transmita mediante los formularios electr\u00f3nicos habilitados en este sitio web o mensajes de correo electr\u00f3nico.<\/p>\n<p>En caso de duda o controversia relativas a nuestra pol\u00edtica de privacidad y de protecci\u00f3n de datos personales puedes ponerte en contacto con nosotros dirigi\u00e9ndote a LUCIFER SABERS a trav\u00e9s del correo: admin@lucifersabers.com.\u00a0El tratamiento de los datos de car\u00e1cter personal, as\u00ed como el env\u00edo de comunicaciones comerciales realizadas por medios electr\u00f3nicos, son conformes a la Ley Org\u00e1nica 15\/1999, de 13 de diciembre, de Protecci\u00f3n de Datos de Car\u00e1cter Personal (B.O.E. de 14 de diciembre de 1999) y a la Ley 34\/2002, de 11 de julio, de servicios de la Sociedad de Informaci\u00f3n y de Comercio Electr\u00f3nico (B.O.E. de 12 de julio de 2002).<\/p>\n<p>9. Modificaci\u00f3n de la presente pol\u00edtica de privacidad<br \/>\nlucifersabers.com\u00a0se reserva el derecho a modificar la presente pol\u00edtica para adaptarla a futuras novedades legislativas o jurisprudenciales, as\u00ed como a pr\u00e1cticas de la industria, informando previamente a los usuarios de los cambios que en ella se produzcan.<\/p>\n<\/div>\n<\/div>\n\t\t\t\t\t<\/div>\n\t\t\t\t\t\t<\/div>\n\t\t\t\t<\/div>\n\t\t\t\t\t\t<\/div>\n\t\t\t\t\t<\/div>\n\t\t<\/div>\n\t\t\t\t\t\t\t\t<\/div>\n\t\t\t\t\t<\/div>\n\t\t<\/section>\n\t\t\t\t\t\t<\/div>\n\t\t\t\t\t\t<\/div>\n\t\t\t\t\t<\/div>\n\t\t","protected":false},"excerpt":{"rendered":"<p>Pol\u00edtica de privacidad Titularidad del dominio www.lucifersabers.com En cumplimiento de la Ley 34\/2002 de Servicios de la Sociedad de La Informaci\u00f3n y del Comercio Electr\u00f3nico (LSSICE), te informamos que la titularidad del dominio de nuestra tienda virtual, www.lucifersabers.com (en adelante lucifersabers.com) corresponde a: Para cualquier consulta, puede contactarse con lucifersabers.com en el email y tel\u00e9fono: [&hellip;]<\/p>\n","protected":false},"author":2,"featured_media":0,"parent":0,"menu_order":0,"comment_status":"closed","ping_status":"closed","template":"","meta":[],"yoast_head":"<!-- This site is optimized with the Yoast SEO plugin v17.5 - https:\/\/yoast.com\/wordpress\/plugins\/seo\/ -->\n<title>Pol\u00edtica de privacidad - Lucifer Sabers<\/title>\n<meta name=\"robots\" content=\"index, follow, max-snippet:-1, max-image-preview:large, max-video-preview:-1\" \/>\n<link rel=\"canonical\" href=\"https:\/\/lucifersabers.com\/en\/politica-de-privacidad\/\" \/>\n<meta property=\"og:locale\" content=\"en_US\" \/>\n<meta property=\"og:type\" content=\"article\" \/>\n<meta property=\"og:title\" content=\"Pol\u00edtica de privacidad - Lucifer Sabers\" \/>\n<meta property=\"og:description\" content=\"Pol\u00edtica de privacidad Titularidad del dominio www.lucifersabers.com En cumplimiento de la Ley 34\/2002 de Servicios de la Sociedad de La Informaci\u00f3n y del Comercio Electr\u00f3nico (LSSICE), te informamos que la titularidad del dominio de nuestra tienda virtual, www.lucifersabers.com (en adelante lucifersabers.com) corresponde a: Para cualquier consulta, puede contactarse con lucifersabers.com en el email y tel\u00e9fono: [&hellip;]\" \/>\n<meta property=\"og:url\" content=\"https:\/\/lucifersabers.com\/en\/politica-de-privacidad\/\" \/>\n<meta property=\"og:site_name\" content=\"Lucifer Sabers\" \/>\n<meta property=\"article:publisher\" content=\"https:\/\/www.facebook.com\/lucifersabers\/\" \/>\n<meta property=\"article:modified_time\" content=\"2023-07-04T17:38:43+00:00\" \/>\n<meta name=\"twitter:card\" content=\"summary_large_image\" \/>\n<meta name=\"twitter:label1\" content=\"Est. reading time\" \/>\n\t<meta name=\"twitter:data1\" content=\"10 minutes\" \/>\n<script type=\"application\/ld+json\" class=\"yoast-schema-graph\">{\"@context\":\"https:\/\/schema.org\",\"@graph\":[{\"@type\":\"Organization\",\"@id\":\"https:\/\/lucifersabers.com\/#organization\",\"name\":\"Lucifer Sabers\",\"url\":\"https:\/\/lucifersabers.com\/\",\"sameAs\":[\"https:\/\/www.facebook.com\/lucifersabers\/\",\"https:\/\/www.instagram.com\/lucifer_sabers\/\",\"https:\/\/www.youtube.com\/channel\/UCl6vEay7eNCvxIH_jyeDGIw\"],\"logo\":{\"@type\":\"ImageObject\",\"@id\":\"https:\/\/lucifersabers.com\/#logo\",\"inLanguage\":\"en-US\",\"url\":\"https:\/\/lucifersabers.com\/wp-content\/uploads\/2018\/08\/logo.png\",\"contentUrl\":\"https:\/\/lucifersabers.com\/wp-content\/uploads\/2018\/08\/logo.png\",\"width\":190,\"height\":60,\"caption\":\"Lucifer Sabers\"},\"image\":{\"@id\":\"https:\/\/lucifersabers.com\/#logo\"}},{\"@type\":\"WebSite\",\"@id\":\"https:\/\/lucifersabers.com\/#website\",\"url\":\"https:\/\/lucifersabers.com\/\",\"name\":\"Lucifer Sabers\",\"description\":\"Powered by the Force\",\"publisher\":{\"@id\":\"https:\/\/lucifersabers.com\/#organization\"},\"potentialAction\":[{\"@type\":\"SearchAction\",\"target\":{\"@type\":\"EntryPoint\",\"urlTemplate\":\"https:\/\/lucifersabers.com\/?s={search_term_string}\"},\"query-input\":\"required name=search_term_string\"}],\"inLanguage\":\"en-US\"},{\"@type\":\"WebPage\",\"@id\":\"https:\/\/lucifersabers.com\/en\/politica-de-privacidad\/#webpage\",\"url\":\"https:\/\/lucifersabers.com\/en\/politica-de-privacidad\/\",\"name\":\"Pol\\u00edtica de privacidad - Lucifer Sabers\",\"isPartOf\":{\"@id\":\"https:\/\/lucifersabers.com\/#website\"},\"datePublished\":\"2020-08-27T13:07:57+00:00\",\"dateModified\":\"2023-07-04T17:38:43+00:00\",\"breadcrumb\":{\"@id\":\"https:\/\/lucifersabers.com\/en\/politica-de-privacidad\/#breadcrumb\"},\"inLanguage\":\"en-US\",\"potentialAction\":[{\"@type\":\"ReadAction\",\"target\":[\"https:\/\/lucifersabers.com\/en\/politica-de-privacidad\/\"]}]},{\"@type\":\"BreadcrumbList\",\"@id\":\"https:\/\/lucifersabers.com\/en\/politica-de-privacidad\/#breadcrumb\",\"itemListElement\":[{\"@type\":\"ListItem\",\"position\":1,\"name\":\"Portada\",\"item\":\"https:\/\/lucifersabers.com\/en\/\"},{\"@type\":\"ListItem\",\"position\":2,\"name\":\"Pol\\u00edtica de privacidad\"}]}]}<\/script>\n<!-- \/ Yoast SEO plugin. -->","yoast_head_json":{"title":"Pol\u00edtica de privacidad - Lucifer Sabers","robots":{"index":"index","follow":"follow","max-snippet":"max-snippet:-1","max-image-preview":"max-image-preview:large","max-video-preview":"max-video-preview:-1"},"canonical":"https:\/\/lucifersabers.com\/en\/politica-de-privacidad\/","og_locale":"en_US","og_type":"article","og_title":"Pol\u00edtica de privacidad - Lucifer Sabers","og_description":"Pol\u00edtica de privacidad Titularidad del dominio www.lucifersabers.com En cumplimiento de la Ley 34\/2002 de Servicios de la Sociedad de La Informaci\u00f3n y del Comercio Electr\u00f3nico (LSSICE), te informamos que la titularidad del dominio de nuestra tienda virtual, www.lucifersabers.com (en adelante lucifersabers.com) corresponde a: Para cualquier consulta, puede contactarse con lucifersabers.com en el email y tel\u00e9fono: [&hellip;]","og_url":"https:\/\/lucifersabers.com\/en\/politica-de-privacidad\/","og_site_name":"Lucifer Sabers","article_publisher":"https:\/\/www.facebook.com\/lucifersabers\/","article_modified_time":"2023-07-04T17:38:43+00:00","twitter_card":"summary_large_image","twitter_misc":{"Est. reading time":"10 minutes"},"schema":{"@context":"https:\/\/schema.org","@graph":[{"@type":"Organization","@id":"https:\/\/lucifersabers.com\/#organization","name":"Lucifer Sabers","url":"https:\/\/lucifersabers.com\/","sameAs":["https:\/\/www.facebook.com\/lucifersabers\/","https:\/\/www.instagram.com\/lucifer_sabers\/","https:\/\/www.youtube.com\/channel\/UCl6vEay7eNCvxIH_jyeDGIw"],"logo":{"@type":"ImageObject","@id":"https:\/\/lucifersabers.com\/#logo","inLanguage":"en-US","url":"https:\/\/lucifersabers.com\/wp-content\/uploads\/2018\/08\/logo.png","contentUrl":"https:\/\/lucifersabers.com\/wp-content\/uploads\/2018\/08\/logo.png","width":190,"height":60,"caption":"Lucifer Sabers"},"image":{"@id":"https:\/\/lucifersabers.com\/#logo"}},{"@type":"WebSite","@id":"https:\/\/lucifersabers.com\/#website","url":"https:\/\/lucifersabers.com\/","name":"Lucifer Sabers","description":"Powered by the Force","publisher":{"@id":"https:\/\/lucifersabers.com\/#organization"},"potentialAction":[{"@type":"SearchAction","target":{"@type":"EntryPoint","urlTemplate":"https:\/\/lucifersabers.com\/?s={search_term_string}"},"query-input":"required name=search_term_string"}],"inLanguage":"en-US"},{"@type":"WebPage","@id":"https:\/\/lucifersabers.com\/en\/politica-de-privacidad\/#webpage","url":"https:\/\/lucifersabers.com\/en\/politica-de-privacidad\/","name":"Pol\u00edtica de privacidad - Lucifer Sabers","isPartOf":{"@id":"https:\/\/lucifersabers.com\/#website"},"datePublished":"2020-08-27T13:07:57+00:00","dateModified":"2023-07-04T17:38:43+00:00","breadcrumb":{"@id":"https:\/\/lucifersabers.com\/en\/politica-de-privacidad\/#breadcrumb"},"inLanguage":"en-US","potentialAction":[{"@type":"ReadAction","target":["https:\/\/lucifersabers.com\/en\/politica-de-privacidad\/"]}]},{"@type":"BreadcrumbList","@id":"https:\/\/lucifersabers.com\/en\/politica-de-privacidad\/#breadcrumb","itemListElement":[{"@type":"ListItem","position":1,"name":"Portada","item":"https:\/\/lucifersabers.com\/en\/"},{"@type":"ListItem","position":2,"name":"Pol\u00edtica de privacidad"}]}]}},"_links":{"self":[{"href":"https:\/\/lucifersabers.com\/en\/wp-json\/wp\/v2\/pages\/22821"}],"collection":[{"href":"https:\/\/lucifersabers.com\/en\/wp-json\/wp\/v2\/pages"}],"about":[{"href":"https:\/\/lucifersabers.com\/en\/wp-json\/wp\/v2\/types\/page"}],"author":[{"embeddable":true,"href":"https:\/\/lucifersabers.com\/en\/wp-json\/wp\/v2\/users\/2"}],"replies":[{"embeddable":true,"href":"https:\/\/lucifersabers.com\/en\/wp-json\/wp\/v2\/comments?post=22821"}],"version-history":[{"count":3,"href":"https:\/\/lucifersabers.com\/en\/wp-json\/wp\/v2\/pages\/22821\/revisions"}],"predecessor-version":[{"id":23879,"href":"https:\/\/lucifersabers.com\/en\/wp-json\/wp\/v2\/pages\/22821\/revisions\/23879"}],"wp:attachment":[{"href":"https:\/\/lucifersabers.com\/en\/wp-json\/wp\/v2\/media?parent=22821"}],"curies":[{"name":"wp","href":"https:\/\/api.w.org\/{rel}","templated":true}]}}