{"id":22819,"date":"2020-08-27T13:07:19","date_gmt":"2020-08-27T13:07:19","guid":{"rendered":"https:\/\/lucifersabers.com\/politica-de-cookies\/"},"modified":"2020-08-27T13:07:20","modified_gmt":"2020-08-27T13:07:20","slug":"politica-de-cookies","status":"publish","type":"page","link":"https:\/\/lucifersabers.com\/en\/politica-de-cookies\/","title":{"rendered":"Pol\u00edtica de Cookies"},"content":{"rendered":"\t\t<div data-elementor-type=\"wp-post\" data-elementor-id=\"22819\" class=\"elementor elementor-22819 elementor-928 elementor-bc-flex-widget\" data-elementor-settings=\"[]\">\n\t\t\t\t\t\t<div class=\"elementor-inner\">\n\t\t\t\t\t\t\t<div class=\"elementor-section-wrap\">\n\t\t\t\t\t\t\t<section class=\"elementor-section elementor-top-section elementor-element elementor-element-498660c elementor-section-boxed elementor-section-height-default elementor-section-height-default\" data-id=\"498660c\" data-element_type=\"section\">\n\t\t\t\t\t\t<div class=\"elementor-container elementor-column-gap-default\">\n\t\t\t\t\t\t\t<div class=\"elementor-row\">\n\t\t\t\t\t<div class=\"elementor-column elementor-col-100 elementor-top-column elementor-element elementor-element-3932fbd\" data-id=\"3932fbd\" data-element_type=\"column\">\n\t\t\t<div class=\"elementor-column-wrap elementor-element-populated\">\n\t\t\t\t\t\t\t<div class=\"elementor-widget-wrap\">\n\t\t\t\t\t\t<div class=\"elementor-element elementor-element-49d0989 elementor-widget elementor-widget-text-editor\" data-id=\"49d0989\" data-element_type=\"widget\" data-widget_type=\"text-editor.default\">\n\t\t\t\t<div class=\"elementor-widget-container\">\n\t\t\t\t\t\t\t\t<div class=\"elementor-text-editor elementor-clearfix\">\n\t\t\t\t<h2>Pol\u00edtica de Cookies<\/h2>\n<div class=\"rte\">\n<p>Una cookie es un archivo de texto que se almacena en el ordenador o dispositivo m\u00f3vil mediante un servidor Web y tan solo ese servidor ser\u00e1 capaz de recuperar o leer el contenido de la cookie y permiten al Sitio Web recordar preferencias de navegaci\u00f3n y navegar de manera eficiente. Las cookies hacen la interacci\u00f3n entre el usuario y el sitio Web m\u00e1s r\u00e1pida y f\u00e1cil.<\/p>\n<h2>Informaci\u00f3n General<\/h2>\n<p>Est\u00e1 p\u00e1gina Web utiliza cookies. Las cookies son peque\u00f1os archivos de texto generados por las p\u00e1ginas web que usted visita, las cuales contienen los datos de sesi\u00f3n que pueden ser de utilidad m\u00e1s adelante en la p\u00e1gina web. De esta forma esta Web recuerda informaci\u00f3n sobre su visita, lo que puede facilitar su pr\u00f3xima visita y hacer que el sitio Web le resulte m\u00e1s \u00fatil.<\/p>\n<h2>\u00bfC\u00f3mo funcionan las Cookies?<\/h2>\n<p>Las cookies s\u00f3lo pueden almacenar texto, por lo general siempre es an\u00f3nimo y cifrado. No se almacenar\u00e1 informaci\u00f3n personal alguna en una cookie, ni pueden asociarse a una persona identificada o identificable.<\/p>\n<p>Los datos permiten que esta Web pueda mantener su informaci\u00f3n entre las p\u00e1ginas, y tambi\u00e9n para analizar la forma de interactuar con el sitio Web. Las cookies son seguras ya que s\u00f3lo pueden almacenar la informaci\u00f3n que se puso en su lugar por el navegador, lo que es informaci\u00f3n que el usuario ha introducido en el navegador o la que se incluye en la solicitud de p\u00e1gina. No puede ejecutar el c\u00f3digo y no se puede utilizar para acceder a su ordenador. Si una p\u00e1gina web cifra la informaci\u00f3n de la cookie, s\u00f3lo la p\u00e1gina web puede leer la informaci\u00f3n.<\/p>\n<h2>\u00bfQu\u00e9 tipos de cookies utilizamos?<\/h2>\n<p>Las cookies que utiliza esta p\u00e1gina Web se pueden distinguir seg\u00fan los siguientes criterios:<\/p>\n<ol>\n<li>Tipos de cookies seg\u00fan la entidad que las gestiona:<\/li>\n<\/ol>\n<p>Seg\u00fan quien sea la entidad que gestione el equipo o dominio desde donde se env\u00edan las cookies y trate los datos que se obtengan, podemos distinguir:<\/p>\n<ul>\n<li>Cookies propias: Son aqu\u00e9llas que se env\u00edan al equipo terminal del usuario desde un equipo o dominio gestionado por el propio editor y desde el que se presta el servicio solicitado por el usuario.<\/li>\n<li>Cookies de terceros: Son aqu\u00e9llas que se env\u00edan al equipo terminal del usuario desde un equipo o dominio que no es gestionado por el editor, sino por otra entidad que trata los datos obtenidos trav\u00e9s de las cookies.<\/li>\n<\/ul>\n<p>En el caso de que las cookies sean instaladas desde un equipo o dominio gestionado por el propio editor pero la informaci\u00f3n que se recoja mediante \u00e9stas sea gestionada por un tercero, no pueden ser consideradas como cookies propias.<\/p>\n<ol start=\"2\">\n<li>Tipos de cookies seg\u00fan el plazo de tiempo que permanecen activadas:<\/li>\n<\/ol>\n<p>Seg\u00fan el plazo de tiempo que permanecen activadas en el equipo terminal podemos distinguir:<\/p>\n<ul>\n<li>Cookies de sesi\u00f3n: Son un tipo de cookies dise\u00f1adas para recabar y almacenar datos mientras el usuario accede a una p\u00e1gina web. Se suelen emplear para almacenar informaci\u00f3n que solo interesa conservar para la prestaci\u00f3n del servicio solicitado por el usuario en una sola ocasi\u00f3n (p.e. una lista de productos adquiridos).<\/li>\n<li>Cookies persistentes: Son un tipo de cookies en el que los datos siguen almacenados en el terminal y pueden ser accedidos y tratados durante un periodo definido por el responsable de la cookie, y que puede ir de unos minutos a varios a\u00f1os.<\/li>\n<\/ul>\n<ol start=\"3\">\n<li>Tipos de cookies seg\u00fan su finalidad:<\/li>\n<\/ol>\n<p>Seg\u00fan la finalidad para la que se traten los datos obtenidos a trav\u00e9s de las cookies, podemos distinguir entre:<\/p>\n<ul>\n<li>Cookies t\u00e9cnicas: Son aqu\u00e9llas que permiten al usuario la navegaci\u00f3n a trav\u00e9s de una p\u00e1gina web, plataforma o aplicaci\u00f3n y la utilizaci\u00f3n de las diferentes opciones o servicios que en ella existan como, por ejemplo, controlar el tr\u00e1fico y la comunicaci\u00f3n de datos, identificar la sesi\u00f3n, acceder a partes de acceso restringido, recordar los elementos que integran un pedido, realizar el proceso de compra de un pedido, realizar la solicitud de inscripci\u00f3n o participaci\u00f3n en un evento, utilizar elementos de seguridad durante la navegaci\u00f3n, almacenar contenidos para la difusi\u00f3n de v\u00eddeos o sonido o compartir contenidos a trav\u00e9s de redes sociales<\/li>\n<li>Cookies de personalizaci\u00f3n: Son aqu\u00e9llas que permiten al usuario acceder al servicio con algunas caracter\u00edsticas de car\u00e1cter general predefinidas en funci\u00f3n de una serie de criterios en el terminal del usuario como por ejemplo serian el idioma, el tipo de navegador a trav\u00e9s del cual accede al servicio, la configuraci\u00f3n regional desde donde accede al servicio, etc.<\/li>\n<li>Cookies de an\u00e1lisis: Son aqu\u00e9llas que permiten al responsable de las mismas, el seguimiento y an\u00e1lisis del comportamiento de los usuarios de los sitios web a los que est\u00e1n vinculadas. La informaci\u00f3n recogida mediante este tipo de cookies se utiliza en la medici\u00f3n de la actividad de los sitios web, aplicaci\u00f3n o plataforma y para la elaboraci\u00f3n de perfiles de navegaci\u00f3n de los usuarios de dichos sitios, aplicaciones y plataformas, con el fin de introducir mejoras en funci\u00f3n del an\u00e1lisis de los datos de uso que hacen los usuarios del servicio.<\/li>\n<\/ul>\n<h2>Herramienta de Gesti\u00f3n de las Cookies<\/h2>\n<p>Est\u00e1 p\u00e1gina Web utiliza Google Analytics. Google Analytics es una herramienta gratuita de an\u00e1lisis web de Google que principalmente permite que los propietarios de sitios web conozcan c\u00f3mo interact\u00faan los usuarios con su sitio web. Asimismo, habilita cookies en el dominio del sitio en el que te encuentras y utiliza un conjunto de cookies denominadas \u201c__utma\u201d y \u201c__utmz\u201d para recopilar informaci\u00f3n de forma an\u00f3nima y elaborar informes de tendencias de sitios web sin identificar a usuarios individuales.<\/p>\n<p>Para realizar las estad\u00edsticas de uso de esta Web utilizamos las cookies con la finalidad de conocer el nivel de recurrencia de nuestros visitantes y los contenidos que resultan m\u00e1s interesantes. De esta manera podemos concentrar nuestros esfuerzos en mejorar las \u00e1reas m\u00e1s visitadas y hacer que el usuario encuentre m\u00e1s f\u00e1cilmente lo que busca. En esta Web puede utilizarse la informaci\u00f3n de su visita para realizar evaluaciones y c\u00e1lculos estad\u00edsticos sobre datos an\u00f3nimos, as\u00ed como para garantizar la continuidad del servicio o para realizar mejoras en sus sitios Web. Para m\u00e1s detalles, consulte en el siguiente enlace la pol\u00edtica de privacidad [http:\/\/www.google.com\/intl\/es\/policies\/privacy\/]<\/p>\n<h2>Garant\u00edas y Opciones\u00a0de las Cookies<\/h2>\n<p>En todo momento, y al menos, durante la instalaci\u00f3n o puesta al d\u00eda del navegador, el usuario tiene la\u00a0posibilidad de aceptar o rechazar la instalaci\u00f3n de cookies, o bien rechazar la instalaci\u00f3n de un determinado tipo de cookies, como las cookies de publicidad y de terceros. Adem\u00e1s, despu\u00e9s de cada sesi\u00f3n puede eliminar todas o algunas de las cookies almacenadas. Asimismo el usuario puede activar:<\/p>\n<ul>\n<li>La\u00a0navegaci\u00f3n privada, mediante la cual su navegador deja de guardar el historial de navegaci\u00f3n, contrase\u00f1as de sitios web, cookies y otra informaci\u00f3n de las p\u00e1ginas que visita, o<\/li>\n<li>La\u00a0funci\u00f3n de no rastrear, por la que el navegador pide a los sitios web que visita que no rastreen sus h\u00e1bitos de navegaci\u00f3n, para por ejemplo, servirle publicidad de su inter\u00e9s en los sitios que visita.<\/li>\n<\/ul>\n<p>Le recomendamos que consulte la ayuda de su navegador para informarse de las diferentes opciones sobre c\u00f3mo gestionar las cookies. A continuaci\u00f3n incluimos los v\u00ednculos para gestionar cookies en los navegadores m\u00e1s relevantes:<\/p>\n<ol>\n<li>Internet Explorer:\u00a0<a title=\"Abrir Internet Explorer\" href=\"http:\/\/windows.microsoft.com\/es-ES\/windows-vista\/Block-or-allow-cookies\" target=\"_blank\" rel=\"noopener\">http:\/\/windows.microsoft.com\/es-ES\/windows-vista\/Block-or-allow-cookies<\/a><\/li>\n<li>Firefox:\u00a0<a title=\"Abrir Mozilla Firefox\" href=\"http:\/\/support.mozilla.org\/es\/kb\/habilitar-y-deshabilitar-cookies-que-los-sitios-we\" target=\"_blank\" rel=\"noopener\">http:\/\/support.mozilla.org\/es\/kb\/habilitar-y-deshabilitar-cookies-que-los-sitios-we<\/a><\/li>\n<li>Safari:\u00a0<a title=\"Abrir Safari\" href=\"http:\/\/support.apple.com\/kb\/HT1677?viewlocale=es_ES\" target=\"_blank\" rel=\"noopener\">http:\/\/support.apple.com\/kb\/HT1677?viewlocale=es_ES<\/a><\/li>\n<li>Google Chrome:\u00a0<a title=\"Abrir Google Chrome\" href=\"https:\/\/support.google.com\/chrome\/answer\/95647?hl=es\" target=\"_blank\" rel=\"noopener\">https:\/\/support.google.com\/chrome\/answer\/95647?hl=es<\/a><\/li>\n<\/ol>\n<p>Tenga en cuenta que el bloqueo de cookies puede afectar a todas o algunas de las funcionalidades de nuestra web.<\/p>\n<h2>Consentimiento informado<\/h2>\n<p>La utilizaci\u00f3n de la presente p\u00e1gina Web por su parte, implica que Vd. presta su consentimiento expreso e inequ\u00edvoco a la utilizaci\u00f3n de cookies, en los t\u00e9rminos y condiciones previstos en esta Pol\u00edtica de Cookies, sin perjuicio de las medidas de desactivaci\u00f3n y eliminaci\u00f3n de las cookies que Vd. pueda adoptar, y que se mencionan en el apartado anterior.<\/p>\n<\/div>\n\t\t\t\t\t<\/div>\n\t\t\t\t\t\t<\/div>\n\t\t\t\t<\/div>\n\t\t\t\t\t\t<\/div>\n\t\t\t\t\t<\/div>\n\t\t<\/div>\n\t\t\t\t\t\t\t\t<\/div>\n\t\t\t\t\t<\/div>\n\t\t<\/section>\n\t\t\t\t\t\t<\/div>\n\t\t\t\t\t\t<\/div>\n\t\t\t\t\t<\/div>\n\t\t","protected":false},"excerpt":{"rendered":"<p>Pol\u00edtica de Cookies Una cookie es un archivo de texto que se almacena en el ordenador o dispositivo m\u00f3vil mediante un servidor Web y tan solo ese servidor ser\u00e1 capaz de recuperar o leer el contenido de la cookie y permiten al Sitio Web recordar preferencias de navegaci\u00f3n y navegar de manera eficiente. Las cookies [&hellip;]<\/p>\n","protected":false},"author":2,"featured_media":0,"parent":0,"menu_order":0,"comment_status":"closed","ping_status":"closed","template":"","meta":[],"yoast_head":"<!-- This site is optimized with the Yoast SEO plugin v17.5 - https:\/\/yoast.com\/wordpress\/plugins\/seo\/ -->\n<title>Pol\u00edtica de Cookies - Lucifer Sabers<\/title>\n<meta name=\"robots\" content=\"index, follow, max-snippet:-1, max-image-preview:large, max-video-preview:-1\" \/>\n<link rel=\"canonical\" href=\"https:\/\/lucifersabers.com\/en\/politica-de-cookies\/\" \/>\n<meta property=\"og:locale\" content=\"en_US\" \/>\n<meta property=\"og:type\" content=\"article\" \/>\n<meta property=\"og:title\" content=\"Pol\u00edtica de Cookies - Lucifer Sabers\" \/>\n<meta property=\"og:description\" content=\"Pol\u00edtica de Cookies Una cookie es un archivo de texto que se almacena en el ordenador o dispositivo m\u00f3vil mediante un servidor Web y tan solo ese servidor ser\u00e1 capaz de recuperar o leer el contenido de la cookie y permiten al Sitio Web recordar preferencias de navegaci\u00f3n y navegar de manera eficiente. Las cookies [&hellip;]\" \/>\n<meta property=\"og:url\" content=\"https:\/\/lucifersabers.com\/en\/politica-de-cookies\/\" \/>\n<meta property=\"og:site_name\" content=\"Lucifer Sabers\" \/>\n<meta property=\"article:publisher\" content=\"https:\/\/www.facebook.com\/lucifersabers\/\" \/>\n<meta property=\"article:modified_time\" content=\"2020-08-27T13:07:20+00:00\" \/>\n<meta name=\"twitter:card\" content=\"summary_large_image\" \/>\n<meta name=\"twitter:label1\" content=\"Est. reading time\" \/>\n\t<meta name=\"twitter:data1\" content=\"7 minutes\" \/>\n<script type=\"application\/ld+json\" class=\"yoast-schema-graph\">{\"@context\":\"https:\/\/schema.org\",\"@graph\":[{\"@type\":\"Organization\",\"@id\":\"https:\/\/lucifersabers.com\/#organization\",\"name\":\"Lucifer Sabers\",\"url\":\"https:\/\/lucifersabers.com\/\",\"sameAs\":[\"https:\/\/www.facebook.com\/lucifersabers\/\",\"https:\/\/www.instagram.com\/lucifer_sabers\/\",\"https:\/\/www.youtube.com\/channel\/UCl6vEay7eNCvxIH_jyeDGIw\"],\"logo\":{\"@type\":\"ImageObject\",\"@id\":\"https:\/\/lucifersabers.com\/#logo\",\"inLanguage\":\"en-US\",\"url\":\"https:\/\/lucifersabers.com\/wp-content\/uploads\/2018\/08\/logo.png\",\"contentUrl\":\"https:\/\/lucifersabers.com\/wp-content\/uploads\/2018\/08\/logo.png\",\"width\":190,\"height\":60,\"caption\":\"Lucifer Sabers\"},\"image\":{\"@id\":\"https:\/\/lucifersabers.com\/#logo\"}},{\"@type\":\"WebSite\",\"@id\":\"https:\/\/lucifersabers.com\/#website\",\"url\":\"https:\/\/lucifersabers.com\/\",\"name\":\"Lucifer Sabers\",\"description\":\"Powered by the Force\",\"publisher\":{\"@id\":\"https:\/\/lucifersabers.com\/#organization\"},\"potentialAction\":[{\"@type\":\"SearchAction\",\"target\":{\"@type\":\"EntryPoint\",\"urlTemplate\":\"https:\/\/lucifersabers.com\/?s={search_term_string}\"},\"query-input\":\"required name=search_term_string\"}],\"inLanguage\":\"en-US\"},{\"@type\":\"WebPage\",\"@id\":\"https:\/\/lucifersabers.com\/en\/politica-de-cookies\/#webpage\",\"url\":\"https:\/\/lucifersabers.com\/en\/politica-de-cookies\/\",\"name\":\"Pol\\u00edtica de Cookies - Lucifer Sabers\",\"isPartOf\":{\"@id\":\"https:\/\/lucifersabers.com\/#website\"},\"datePublished\":\"2020-08-27T13:07:19+00:00\",\"dateModified\":\"2020-08-27T13:07:20+00:00\",\"breadcrumb\":{\"@id\":\"https:\/\/lucifersabers.com\/en\/politica-de-cookies\/#breadcrumb\"},\"inLanguage\":\"en-US\",\"potentialAction\":[{\"@type\":\"ReadAction\",\"target\":[\"https:\/\/lucifersabers.com\/en\/politica-de-cookies\/\"]}]},{\"@type\":\"BreadcrumbList\",\"@id\":\"https:\/\/lucifersabers.com\/en\/politica-de-cookies\/#breadcrumb\",\"itemListElement\":[{\"@type\":\"ListItem\",\"position\":1,\"name\":\"Portada\",\"item\":\"https:\/\/lucifersabers.com\/en\/\"},{\"@type\":\"ListItem\",\"position\":2,\"name\":\"Pol\\u00edtica de Cookies\"}]}]}<\/script>\n<!-- \/ Yoast SEO plugin. -->","yoast_head_json":{"title":"Pol\u00edtica de Cookies - Lucifer Sabers","robots":{"index":"index","follow":"follow","max-snippet":"max-snippet:-1","max-image-preview":"max-image-preview:large","max-video-preview":"max-video-preview:-1"},"canonical":"https:\/\/lucifersabers.com\/en\/politica-de-cookies\/","og_locale":"en_US","og_type":"article","og_title":"Pol\u00edtica de Cookies - Lucifer Sabers","og_description":"Pol\u00edtica de Cookies Una cookie es un archivo de texto que se almacena en el ordenador o dispositivo m\u00f3vil mediante un servidor Web y tan solo ese servidor ser\u00e1 capaz de recuperar o leer el contenido de la cookie y permiten al Sitio Web recordar preferencias de navegaci\u00f3n y navegar de manera eficiente. Las cookies [&hellip;]","og_url":"https:\/\/lucifersabers.com\/en\/politica-de-cookies\/","og_site_name":"Lucifer Sabers","article_publisher":"https:\/\/www.facebook.com\/lucifersabers\/","article_modified_time":"2020-08-27T13:07:20+00:00","twitter_card":"summary_large_image","twitter_misc":{"Est. reading time":"7 minutes"},"schema":{"@context":"https:\/\/schema.org","@graph":[{"@type":"Organization","@id":"https:\/\/lucifersabers.com\/#organization","name":"Lucifer Sabers","url":"https:\/\/lucifersabers.com\/","sameAs":["https:\/\/www.facebook.com\/lucifersabers\/","https:\/\/www.instagram.com\/lucifer_sabers\/","https:\/\/www.youtube.com\/channel\/UCl6vEay7eNCvxIH_jyeDGIw"],"logo":{"@type":"ImageObject","@id":"https:\/\/lucifersabers.com\/#logo","inLanguage":"en-US","url":"https:\/\/lucifersabers.com\/wp-content\/uploads\/2018\/08\/logo.png","contentUrl":"https:\/\/lucifersabers.com\/wp-content\/uploads\/2018\/08\/logo.png","width":190,"height":60,"caption":"Lucifer Sabers"},"image":{"@id":"https:\/\/lucifersabers.com\/#logo"}},{"@type":"WebSite","@id":"https:\/\/lucifersabers.com\/#website","url":"https:\/\/lucifersabers.com\/","name":"Lucifer Sabers","description":"Powered by the Force","publisher":{"@id":"https:\/\/lucifersabers.com\/#organization"},"potentialAction":[{"@type":"SearchAction","target":{"@type":"EntryPoint","urlTemplate":"https:\/\/lucifersabers.com\/?s={search_term_string}"},"query-input":"required name=search_term_string"}],"inLanguage":"en-US"},{"@type":"WebPage","@id":"https:\/\/lucifersabers.com\/en\/politica-de-cookies\/#webpage","url":"https:\/\/lucifersabers.com\/en\/politica-de-cookies\/","name":"Pol\u00edtica de Cookies - Lucifer Sabers","isPartOf":{"@id":"https:\/\/lucifersabers.com\/#website"},"datePublished":"2020-08-27T13:07:19+00:00","dateModified":"2020-08-27T13:07:20+00:00","breadcrumb":{"@id":"https:\/\/lucifersabers.com\/en\/politica-de-cookies\/#breadcrumb"},"inLanguage":"en-US","potentialAction":[{"@type":"ReadAction","target":["https:\/\/lucifersabers.com\/en\/politica-de-cookies\/"]}]},{"@type":"BreadcrumbList","@id":"https:\/\/lucifersabers.com\/en\/politica-de-cookies\/#breadcrumb","itemListElement":[{"@type":"ListItem","position":1,"name":"Portada","item":"https:\/\/lucifersabers.com\/en\/"},{"@type":"ListItem","position":2,"name":"Pol\u00edtica de Cookies"}]}]}},"_links":{"self":[{"href":"https:\/\/lucifersabers.com\/en\/wp-json\/wp\/v2\/pages\/22819"}],"collection":[{"href":"https:\/\/lucifersabers.com\/en\/wp-json\/wp\/v2\/pages"}],"about":[{"href":"https:\/\/lucifersabers.com\/en\/wp-json\/wp\/v2\/types\/page"}],"author":[{"embeddable":true,"href":"https:\/\/lucifersabers.com\/en\/wp-json\/wp\/v2\/users\/2"}],"replies":[{"embeddable":true,"href":"https:\/\/lucifersabers.com\/en\/wp-json\/wp\/v2\/comments?post=22819"}],"version-history":[{"count":1,"href":"https:\/\/lucifersabers.com\/en\/wp-json\/wp\/v2\/pages\/22819\/revisions"}],"predecessor-version":[{"id":22820,"href":"https:\/\/lucifersabers.com\/en\/wp-json\/wp\/v2\/pages\/22819\/revisions\/22820"}],"wp:attachment":[{"href":"https:\/\/lucifersabers.com\/en\/wp-json\/wp\/v2\/media?parent=22819"}],"curies":[{"name":"wp","href":"https:\/\/api.w.org\/{rel}","templated":true}]}}