{"id":22817,"date":"2020-08-27T13:07:04","date_gmt":"2020-08-27T13:07:04","guid":{"rendered":"https:\/\/lucifersabers.com\/pago-seguro\/"},"modified":"2020-08-27T13:07:04","modified_gmt":"2020-08-27T13:07:04","slug":"pago-seguro","status":"publish","type":"page","link":"https:\/\/lucifersabers.com\/en\/pago-seguro\/","title":{"rendered":"Pago seguro"},"content":{"rendered":"\t\t<div data-elementor-type=\"wp-post\" data-elementor-id=\"22817\" class=\"elementor elementor-22817 elementor-927 elementor-bc-flex-widget\" data-elementor-settings=\"[]\">\n\t\t\t\t\t\t<div class=\"elementor-inner\">\n\t\t\t\t\t\t\t<div class=\"elementor-section-wrap\">\n\t\t\t\t\t\t\t<section class=\"elementor-section elementor-top-section elementor-element elementor-element-7482c28 elementor-section-boxed elementor-section-height-default elementor-section-height-default\" data-id=\"7482c28\" data-element_type=\"section\">\n\t\t\t\t\t\t<div class=\"elementor-container elementor-column-gap-default\">\n\t\t\t\t\t\t\t<div class=\"elementor-row\">\n\t\t\t\t\t<div class=\"elementor-column elementor-col-100 elementor-top-column elementor-element elementor-element-773e63a\" data-id=\"773e63a\" data-element_type=\"column\">\n\t\t\t<div class=\"elementor-column-wrap elementor-element-populated\">\n\t\t\t\t\t\t\t<div class=\"elementor-widget-wrap\">\n\t\t\t\t\t\t<div class=\"elementor-element elementor-element-c4604a0 elementor-widget elementor-widget-text-editor\" data-id=\"c4604a0\" data-element_type=\"widget\" data-widget_type=\"text-editor.default\">\n\t\t\t\t<div class=\"elementor-widget-container\">\n\t\t\t\t\t\t\t\t<div class=\"elementor-text-editor elementor-clearfix\">\n\t\t\t\t<div class=\"rte\">\n<h1>Pago seguro<\/h1>\n<h2>Conexi\u00f3n segura<\/h2>\n<p>Tu conexi\u00f3n con lucifersabers.com\u00a0se mantiene en todo momento cifradas y protegidas mediante protocolo SSL. Esto significa que\u00a0tus datos permanecen seguros.<\/p>\n<h2>Pago con tarjeta de cr\u00e9dito<\/h2>\n<p>Aceptamos las principales tarjetas, como\u00a0Visa,\u00a0Mastercard y American Express para tu mayor comodidad, y procesamos el pago a trav\u00e9s la la plataforma Redsys\u00a0con una conexi\u00f3n encriptada segura. Redsys es el l\u00edder de procesamiento de pagos para comercios en Espa\u00f1a y un referente internacional por seguridad y volumen soportado.\u00a0<\/p>\n<p>El cobro se efect\u00faa en cuanto se confirma el pedido si los centros de pago correspondientes autorizan el cargo en cuenta. En caso de no autorizarlo, el pedido no podr\u00e1 realizarse.\u00a0El sistema de seguridad utilizado permite que los datos de la\u00a0tarjeta viajen seguros y encriptados a la pasarela de pago.<\/p>\n<p>Nosotros no tendremos NUNCA acceso a los datos de tu tarjeta ni quedar\u00e1n guardados en nuestro sistema. Redsys solo nos comunica que la operaci\u00f3n ha sido aceptada sin ninguna informaci\u00f3n financiera ni de ning\u00fan otro tipo.<\/p>\n<h2>Pago mediante Paypal\u200b<\/h2>\n<p>Tambi\u00e9n ofrecemos la posibilidad de realizar el pago\u00a0a trav\u00e9s de PayPal, que es un modo de pago en l\u00ednea r\u00e1pido, f\u00e1cil y seguro, por el que se puede enviar dinero sin comunicar los datos financieros.<\/p>\n<p>PayPal contribuye en la protecci\u00f3n de\u00a0datos de la\u00a0tarjeta de cr\u00e9dito gracias a los mejores sistemas presentes en el mercado para la seguridad y la prevenci\u00f3n contra el fraude. Cuando se utiliza\u00a0PayPal, los\u00a0datos financieros no se comunican NUNCA\u00a0a los vendedores.<\/p>\n<p>Si eres un comprador habitual con PayPal en Lucifer Sabers\u00a0puedes utilizar PayPal Express Checkout para realizar registro y pago en un solo click.<\/p>\n<h2>Pago mediante\u00a0Transferencia Bancaria<\/h2>\n<p>No necesitas tener una tarjeta de cr\u00e9dito o una cuenta de PayPal para poder comprar en Lucifer Sabers. De hecho no necesitas ni cuenta bancaria. Si quieres, puedes hacer el pedido y pagarlo despu\u00e9s mediante una transferencia o simplemente mediante un ingreso en nuestra cuenta en un banco. En cuanto recibamos el dinero en nuestra cuenta procesaremos tu pedido. Solo tienes que elegir este modo de pago y seguir las instrucciones. Si quieres agilizar tu pedido puedes enviarnos un email a admin@lucifersabers.com\u00a0con el comprobante de la transferencia indicando n\u00famero de pedido, nombre y apellidos y lo procesaremos en cuanto lo leamos.<\/p>\n<p>Recuerda que tienes 7 d\u00edas para pagar tu env\u00edo. Pasado ese plazo lo cancelaremos.<\/p>\n<\/div>\n\t\t\t\t\t<\/div>\n\t\t\t\t\t\t<\/div>\n\t\t\t\t<\/div>\n\t\t\t\t\t\t<\/div>\n\t\t\t\t\t<\/div>\n\t\t<\/div>\n\t\t\t\t\t\t\t\t<\/div>\n\t\t\t\t\t<\/div>\n\t\t<\/section>\n\t\t\t\t\t\t<\/div>\n\t\t\t\t\t\t<\/div>\n\t\t\t\t\t<\/div>\n\t\t","protected":false},"excerpt":{"rendered":"<p>Pago seguro Conexi\u00f3n segura Tu conexi\u00f3n con lucifersabers.com\u00a0se mantiene en todo momento cifradas y protegidas mediante protocolo SSL. Esto significa que\u00a0tus datos permanecen seguros. Pago con tarjeta de cr\u00e9dito Aceptamos las principales tarjetas, como\u00a0Visa,\u00a0Mastercard y American Express para tu mayor comodidad, y procesamos el pago a trav\u00e9s la la plataforma Redsys\u00a0con una conexi\u00f3n encriptada segura. [&hellip;]<\/p>\n","protected":false},"author":2,"featured_media":0,"parent":0,"menu_order":0,"comment_status":"closed","ping_status":"closed","template":"","meta":[],"yoast_head":"<!-- This site is optimized with the Yoast SEO plugin v17.5 - https:\/\/yoast.com\/wordpress\/plugins\/seo\/ -->\n<title>Pago seguro - Lucifer Sabers<\/title>\n<meta name=\"robots\" content=\"index, follow, max-snippet:-1, max-image-preview:large, max-video-preview:-1\" \/>\n<link rel=\"canonical\" href=\"https:\/\/lucifersabers.com\/en\/pago-seguro\/\" \/>\n<meta property=\"og:locale\" content=\"en_US\" \/>\n<meta property=\"og:type\" content=\"article\" \/>\n<meta property=\"og:title\" content=\"Pago seguro - Lucifer Sabers\" \/>\n<meta property=\"og:description\" content=\"Pago seguro Conexi\u00f3n segura Tu conexi\u00f3n con lucifersabers.com\u00a0se mantiene en todo momento cifradas y protegidas mediante protocolo SSL. Esto significa que\u00a0tus datos permanecen seguros. Pago con tarjeta de cr\u00e9dito Aceptamos las principales tarjetas, como\u00a0Visa,\u00a0Mastercard y American Express para tu mayor comodidad, y procesamos el pago a trav\u00e9s la la plataforma Redsys\u00a0con una conexi\u00f3n encriptada segura. [&hellip;]\" \/>\n<meta property=\"og:url\" content=\"https:\/\/lucifersabers.com\/en\/pago-seguro\/\" \/>\n<meta property=\"og:site_name\" content=\"Lucifer Sabers\" \/>\n<meta property=\"article:publisher\" content=\"https:\/\/www.facebook.com\/lucifersabers\/\" \/>\n<meta name=\"twitter:card\" content=\"summary_large_image\" \/>\n<meta name=\"twitter:label1\" content=\"Est. reading time\" \/>\n\t<meta name=\"twitter:data1\" content=\"2 minutes\" \/>\n<script type=\"application\/ld+json\" class=\"yoast-schema-graph\">{\"@context\":\"https:\/\/schema.org\",\"@graph\":[{\"@type\":\"Organization\",\"@id\":\"https:\/\/lucifersabers.com\/#organization\",\"name\":\"Lucifer Sabers\",\"url\":\"https:\/\/lucifersabers.com\/\",\"sameAs\":[\"https:\/\/www.facebook.com\/lucifersabers\/\",\"https:\/\/www.instagram.com\/lucifer_sabers\/\",\"https:\/\/www.youtube.com\/channel\/UCl6vEay7eNCvxIH_jyeDGIw\"],\"logo\":{\"@type\":\"ImageObject\",\"@id\":\"https:\/\/lucifersabers.com\/#logo\",\"inLanguage\":\"en-US\",\"url\":\"https:\/\/lucifersabers.com\/wp-content\/uploads\/2018\/08\/logo.png\",\"contentUrl\":\"https:\/\/lucifersabers.com\/wp-content\/uploads\/2018\/08\/logo.png\",\"width\":190,\"height\":60,\"caption\":\"Lucifer Sabers\"},\"image\":{\"@id\":\"https:\/\/lucifersabers.com\/#logo\"}},{\"@type\":\"WebSite\",\"@id\":\"https:\/\/lucifersabers.com\/#website\",\"url\":\"https:\/\/lucifersabers.com\/\",\"name\":\"Lucifer Sabers\",\"description\":\"Powered by the Force\",\"publisher\":{\"@id\":\"https:\/\/lucifersabers.com\/#organization\"},\"potentialAction\":[{\"@type\":\"SearchAction\",\"target\":{\"@type\":\"EntryPoint\",\"urlTemplate\":\"https:\/\/lucifersabers.com\/?s={search_term_string}\"},\"query-input\":\"required name=search_term_string\"}],\"inLanguage\":\"en-US\"},{\"@type\":\"WebPage\",\"@id\":\"https:\/\/lucifersabers.com\/en\/pago-seguro\/#webpage\",\"url\":\"https:\/\/lucifersabers.com\/en\/pago-seguro\/\",\"name\":\"Pago seguro - Lucifer Sabers\",\"isPartOf\":{\"@id\":\"https:\/\/lucifersabers.com\/#website\"},\"datePublished\":\"2020-08-27T13:07:04+00:00\",\"dateModified\":\"2020-08-27T13:07:04+00:00\",\"breadcrumb\":{\"@id\":\"https:\/\/lucifersabers.com\/en\/pago-seguro\/#breadcrumb\"},\"inLanguage\":\"en-US\",\"potentialAction\":[{\"@type\":\"ReadAction\",\"target\":[\"https:\/\/lucifersabers.com\/en\/pago-seguro\/\"]}]},{\"@type\":\"BreadcrumbList\",\"@id\":\"https:\/\/lucifersabers.com\/en\/pago-seguro\/#breadcrumb\",\"itemListElement\":[{\"@type\":\"ListItem\",\"position\":1,\"name\":\"Portada\",\"item\":\"https:\/\/lucifersabers.com\/en\/\"},{\"@type\":\"ListItem\",\"position\":2,\"name\":\"Pago seguro\"}]}]}<\/script>\n<!-- \/ Yoast SEO plugin. -->","yoast_head_json":{"title":"Pago seguro - Lucifer Sabers","robots":{"index":"index","follow":"follow","max-snippet":"max-snippet:-1","max-image-preview":"max-image-preview:large","max-video-preview":"max-video-preview:-1"},"canonical":"https:\/\/lucifersabers.com\/en\/pago-seguro\/","og_locale":"en_US","og_type":"article","og_title":"Pago seguro - Lucifer Sabers","og_description":"Pago seguro Conexi\u00f3n segura Tu conexi\u00f3n con lucifersabers.com\u00a0se mantiene en todo momento cifradas y protegidas mediante protocolo SSL. Esto significa que\u00a0tus datos permanecen seguros. Pago con tarjeta de cr\u00e9dito Aceptamos las principales tarjetas, como\u00a0Visa,\u00a0Mastercard y American Express para tu mayor comodidad, y procesamos el pago a trav\u00e9s la la plataforma Redsys\u00a0con una conexi\u00f3n encriptada segura. [&hellip;]","og_url":"https:\/\/lucifersabers.com\/en\/pago-seguro\/","og_site_name":"Lucifer Sabers","article_publisher":"https:\/\/www.facebook.com\/lucifersabers\/","twitter_card":"summary_large_image","twitter_misc":{"Est. reading time":"2 minutes"},"schema":{"@context":"https:\/\/schema.org","@graph":[{"@type":"Organization","@id":"https:\/\/lucifersabers.com\/#organization","name":"Lucifer Sabers","url":"https:\/\/lucifersabers.com\/","sameAs":["https:\/\/www.facebook.com\/lucifersabers\/","https:\/\/www.instagram.com\/lucifer_sabers\/","https:\/\/www.youtube.com\/channel\/UCl6vEay7eNCvxIH_jyeDGIw"],"logo":{"@type":"ImageObject","@id":"https:\/\/lucifersabers.com\/#logo","inLanguage":"en-US","url":"https:\/\/lucifersabers.com\/wp-content\/uploads\/2018\/08\/logo.png","contentUrl":"https:\/\/lucifersabers.com\/wp-content\/uploads\/2018\/08\/logo.png","width":190,"height":60,"caption":"Lucifer Sabers"},"image":{"@id":"https:\/\/lucifersabers.com\/#logo"}},{"@type":"WebSite","@id":"https:\/\/lucifersabers.com\/#website","url":"https:\/\/lucifersabers.com\/","name":"Lucifer Sabers","description":"Powered by the Force","publisher":{"@id":"https:\/\/lucifersabers.com\/#organization"},"potentialAction":[{"@type":"SearchAction","target":{"@type":"EntryPoint","urlTemplate":"https:\/\/lucifersabers.com\/?s={search_term_string}"},"query-input":"required name=search_term_string"}],"inLanguage":"en-US"},{"@type":"WebPage","@id":"https:\/\/lucifersabers.com\/en\/pago-seguro\/#webpage","url":"https:\/\/lucifersabers.com\/en\/pago-seguro\/","name":"Pago seguro - Lucifer Sabers","isPartOf":{"@id":"https:\/\/lucifersabers.com\/#website"},"datePublished":"2020-08-27T13:07:04+00:00","dateModified":"2020-08-27T13:07:04+00:00","breadcrumb":{"@id":"https:\/\/lucifersabers.com\/en\/pago-seguro\/#breadcrumb"},"inLanguage":"en-US","potentialAction":[{"@type":"ReadAction","target":["https:\/\/lucifersabers.com\/en\/pago-seguro\/"]}]},{"@type":"BreadcrumbList","@id":"https:\/\/lucifersabers.com\/en\/pago-seguro\/#breadcrumb","itemListElement":[{"@type":"ListItem","position":1,"name":"Portada","item":"https:\/\/lucifersabers.com\/en\/"},{"@type":"ListItem","position":2,"name":"Pago seguro"}]}]}},"_links":{"self":[{"href":"https:\/\/lucifersabers.com\/en\/wp-json\/wp\/v2\/pages\/22817"}],"collection":[{"href":"https:\/\/lucifersabers.com\/en\/wp-json\/wp\/v2\/pages"}],"about":[{"href":"https:\/\/lucifersabers.com\/en\/wp-json\/wp\/v2\/types\/page"}],"author":[{"embeddable":true,"href":"https:\/\/lucifersabers.com\/en\/wp-json\/wp\/v2\/users\/2"}],"replies":[{"embeddable":true,"href":"https:\/\/lucifersabers.com\/en\/wp-json\/wp\/v2\/comments?post=22817"}],"version-history":[{"count":1,"href":"https:\/\/lucifersabers.com\/en\/wp-json\/wp\/v2\/pages\/22817\/revisions"}],"predecessor-version":[{"id":22818,"href":"https:\/\/lucifersabers.com\/en\/wp-json\/wp\/v2\/pages\/22817\/revisions\/22818"}],"wp:attachment":[{"href":"https:\/\/lucifersabers.com\/en\/wp-json\/wp\/v2\/media?parent=22817"}],"curies":[{"name":"wp","href":"https:\/\/api.w.org\/{rel}","templated":true}]}}